{"id":717,"date":"2025-11-12T15:47:56","date_gmt":"2025-11-12T18:47:56","guid":{"rendered":"http:\/\/web.inprolec.cl\/?page_id=717"},"modified":"2025-11-12T16:08:09","modified_gmt":"2025-11-12T19:08:09","slug":"s001_01","status":"publish","type":"page","link":"https:\/\/www.inprolec.cl\/?page_id=717","title":{"rendered":"S001_01"},"content":{"rendered":"\n<main class=\"wp-block-group alignfull site-content is-layout-flow wp-block-group-is-layout-flow\" id=\"header\" style=\"margin-top:0\">\n<div class=\"wp-block-cover alignfull\" style=\"padding-top:0px\"><img fetchpriority=\"high\" decoding=\"async\" width=\"1024\" height=\"735\" class=\"wp-block-cover__image-background wp-image-219 size-large\" alt=\"\" src=\"http:\/\/web.inprolec.cl\/wp-content\/uploads\/2025\/10\/Servicios_06-1024x735.jpg\" data-object-fit=\"cover\" srcset=\"https:\/\/www.inprolec.cl\/wp-content\/uploads\/2025\/10\/Servicios_06-1024x735.jpg 1024w, https:\/\/www.inprolec.cl\/wp-content\/uploads\/2025\/10\/Servicios_06-300x215.jpg 300w, https:\/\/www.inprolec.cl\/wp-content\/uploads\/2025\/10\/Servicios_06.jpg 1451w\" sizes=\"(max-width: 1024px) 100vw, 1024px\" \/><span aria-hidden=\"true\" class=\"wp-block-cover__background has-black-background-color has-background-dim-40 has-background-dim\"><\/span><div class=\"wp-block-cover__inner-container is-layout-flow wp-block-cover-is-layout-flow\">\n<div class=\"wp-block-group is-style-default has-global-padding is-layout-constrained wp-block-group-is-layout-constrained\">\n<h2 class=\"wp-block-heading has-white-color has-text-color has-max-48-font-size\">Ingenier\u00eda B\u00e1sica y de Detalle<\/h2>\n\n\n\n<div style=\"height:228px\" aria-hidden=\"true\" class=\"wp-block-spacer\"><\/div>\n<\/div>\n<\/div><\/div>\n\n\n\n<div class=\"wp-block-group alignfull pattern_multiple_covers has-background has-global-padding is-layout-constrained wp-block-group-is-layout-constrained\" id=\"services\" style=\"background-color:#f8f8f8\">\n<div style=\"height:45px\" aria-hidden=\"true\" class=\"wp-block-spacer\"><\/div>\n\n\n\n<p class=\"has-text-align-left\"><strong>INPROLEC S.A. <\/strong>cuenta con un equipo de ingenieros altamente calificados en las areas Civil, El\u00e9ctrica, Control y Proteccion y de Telecumunicaciones<\/p>\n\n\n\n<div style=\"height:45px\" aria-hidden=\"true\" class=\"wp-block-spacer\"><\/div>\n\n\n<div class=\"wpzoom-blocks wpzoom-blocks_portfolio-block wpzoom-portfolio-block-69e63b8cce901 layout-grid columns-3 post_type-portfolio_item category-18 wp-block-wpzoom-blocks-portfolio\" data-offset=\"3\" data-load-more='{\"categories\":[\"18\"],\"class\":\"wpzoom-blocks_portfolio-block\",\"layout\":\"grid\",\"lightbox\":false,\"lightbox_caption\":false,\"order\":\"desc\",\"order_by\":\"rand\",\"per_page\":3,\"read_more_label\":\"Read More\",\"show_author\":true,\"show_background_video\":true,\"show_date\":true,\"show_excerpt\":true,\"show_read_more\":true,\"show_thumbnail\":true,\"show_title\":true,\"source\":\"portfolio_item\",\"thumbnail_size\":\"portfolio_item-thumbnail\",\"total\":5}'><ul class=\"wpzoom-blocks wpzoom-blocks_portfolio-block_items-list\"><li class='wpzoom-blocks_portfolio-block_item wpzoom-blocks_portfolio-block_item-360 wpzoom-blocks_portfolio-block_category-18 has-cover'  data-category='18'><article class='wpzoom-blocks_portfolio-block_item-wrap portfolio_item'><div class='wpzoom-blocks_portfolio-block_item-thumbnail'>\n\t\t\t\t\t\t<div class='wpzoom-blocks_portfolio-block_item-media'>\n\t\t\t\t\t\t\t<a href='https:\/\/www.inprolec.cl\/?portfolio_item=sistema-electrico-pascua-lama' title='Subestaciones Sistema El\u00e9ctrico Pascua Lama (Ingenier\u00eda)' rel='bookmark'><img decoding=\"async\" width=\"600\" height=\"400\" src=\"https:\/\/www.inprolec.cl\/wp-content\/uploads\/2025\/10\/IMG_2070-600x400.jpg\" class=\"attachment-portfolio_item-thumbnail size-portfolio_item-thumbnail wp-post-image\" alt=\"\" srcset=\"https:\/\/www.inprolec.cl\/wp-content\/uploads\/2025\/10\/IMG_2070-600x400.jpg 600w, https:\/\/www.inprolec.cl\/wp-content\/uploads\/2025\/10\/IMG_2070-1200x800.jpg 1200w\" sizes=\"100vw\" \/><\/a>\n\t\t\t\t\t\t<\/div><div class=\"portfolio-block-entry-thumbnail-popover-content\" data-show-caption=\"\"><span class=\"portfolio_item-title\" style=\"display: none;\"><a href=\"https:\/\/www.inprolec.cl\/?portfolio_item=sistema-electrico-pascua-lama\" title=\"Subestaciones Sistema El\u00e9ctrico Pascua Lama (Ingenier\u00eda)\">Subestaciones Sistema El\u00e9ctrico Pascua Lama (Ingenier\u00eda)<\/a><\/span><\/div><\/div><div class='wpzoom-blocks_portfolio-block_item-details show-title'><h3 class='wpzoom-blocks_portfolio-block_item-title'><a href='https:\/\/www.inprolec.cl\/?portfolio_item=sistema-electrico-pascua-lama' title='Subestaciones Sistema El\u00e9ctrico Pascua Lama (Ingenier\u00eda)' rel='bookmark'>Subestaciones Sistema El\u00e9ctrico Pascua Lama (Ingenier\u00eda)<\/a><\/h3><\/div><\/article><\/li><li class='wpzoom-blocks_portfolio-block_item wpzoom-blocks_portfolio-block_item-376 wpzoom-blocks_portfolio-block_category-18 wpzoom-blocks_portfolio-block_category-19 wpzoom-blocks_portfolio-block_category-17 wpzoom-blocks_portfolio-block_category-20 has-cover'  data-category='18'><article class='wpzoom-blocks_portfolio-block_item-wrap portfolio_item'><div class='wpzoom-blocks_portfolio-block_item-thumbnail'>\n\t\t\t\t\t\t<div class='wpzoom-blocks_portfolio-block_item-media'>\n\t\t\t\t\t\t\t<a href='https:\/\/www.inprolec.cl\/?portfolio_item=epc-parque-eolico-punta-colorada' title='EPC Parque E\u00f3lico Punta Colorada' rel='bookmark'><img decoding=\"async\" width=\"600\" height=\"400\" src=\"https:\/\/www.inprolec.cl\/wp-content\/uploads\/2025\/10\/PE_PuntaColorada_03-600x400.jpg\" class=\"attachment-portfolio_item-thumbnail size-portfolio_item-thumbnail wp-post-image\" alt=\"\" srcset=\"https:\/\/www.inprolec.cl\/wp-content\/uploads\/2025\/10\/PE_PuntaColorada_03-600x400.jpg 600w, https:\/\/www.inprolec.cl\/wp-content\/uploads\/2025\/10\/PE_PuntaColorada_03-1200x800.jpg 1200w\" sizes=\"100vw\" \/><\/a>\n\t\t\t\t\t\t<\/div><div class=\"portfolio-block-entry-thumbnail-popover-content\" data-show-caption=\"\"><span class=\"portfolio_item-title\" style=\"display: none;\"><a href=\"https:\/\/www.inprolec.cl\/?portfolio_item=epc-parque-eolico-punta-colorada\" title=\"EPC Parque E\u00f3lico Punta Colorada\">EPC Parque E\u00f3lico Punta Colorada<\/a><\/span><\/div><\/div><div class='wpzoom-blocks_portfolio-block_item-details show-title'><h3 class='wpzoom-blocks_portfolio-block_item-title'><a href='https:\/\/www.inprolec.cl\/?portfolio_item=epc-parque-eolico-punta-colorada' title='EPC Parque E\u00f3lico Punta Colorada' rel='bookmark'>EPC Parque E\u00f3lico Punta Colorada<\/a><\/h3><\/div><\/article><\/li><li class='wpzoom-blocks_portfolio-block_item wpzoom-blocks_portfolio-block_item-358 wpzoom-blocks_portfolio-block_category-18 has-cover'  data-category='18'><article class='wpzoom-blocks_portfolio-block_item-wrap portfolio_item'><div class='wpzoom-blocks_portfolio-block_item-thumbnail'>\n\t\t\t\t\t\t<div class='wpzoom-blocks_portfolio-block_item-media'>\n\t\t\t\t\t\t\t<a href='https:\/\/www.inprolec.cl\/?portfolio_item=subestacion-punta-colorada' title='Subestaci\u00f3n Punta Colorada (Ingenier\u00eda)' rel='bookmark'><img loading=\"lazy\" decoding=\"async\" width=\"600\" height=\"400\" src=\"https:\/\/www.inprolec.cl\/wp-content\/uploads\/2025\/10\/SE_Puntacolorada_08-600x400.jpg\" class=\"attachment-portfolio_item-thumbnail size-portfolio_item-thumbnail wp-post-image\" alt=\"\" sizes=\"100vw\" \/><\/a>\n\t\t\t\t\t\t<\/div><div class=\"portfolio-block-entry-thumbnail-popover-content\" data-show-caption=\"\"><span class=\"portfolio_item-title\" style=\"display: none;\"><a href=\"https:\/\/www.inprolec.cl\/?portfolio_item=subestacion-punta-colorada\" title=\"Subestaci\u00f3n Punta Colorada (Ingenier\u00eda)\">Subestaci\u00f3n Punta Colorada (Ingenier\u00eda)<\/a><\/span><\/div><\/div><div class='wpzoom-blocks_portfolio-block_item-details show-title'><h3 class='wpzoom-blocks_portfolio-block_item-title'><a href='https:\/\/www.inprolec.cl\/?portfolio_item=subestacion-punta-colorada' title='Subestaci\u00f3n Punta Colorada (Ingenier\u00eda)' rel='bookmark'>Subestaci\u00f3n Punta Colorada (Ingenier\u00eda)<\/a><\/h3><\/div><\/article><\/li><li class=\"wpzoom-preloader-container\"><div class=\"wpzoom-portfolio-preloader\"><svg  width=\"75\" version=\"1.1\" id=\"L4\" xmlns=\"http:\/\/www.w3.org\/2000\/svg\" xmlns:xlink=\"http:\/\/www.w3.org\/1999\/xlink\" x=\"0px\" y=\"0px\" viewBox=\"0 0 100 100\" enable-background=\"new 0 0 0 0\" xml:space=\"preserve\">\n\t\t  <circle fill=\"#000\" stroke=\"none\" cx=\"6\" cy=\"50\" r=\"6\"><animate attributeName=\"opacity\" dur=\"1s\" values=\"0;1;0\" repeatCount=\"indefinite\" begin=\"0.1\"\/><\/circle>\n\t\t  <circle fill=\"#000\" stroke=\"none\" cx=\"26\" cy=\"50\" r=\"6\"><animate attributeName=\"opacity\" dur=\"1s\" values=\"0;1;0\" repeatCount=\"indefinite\" begin=\"0.2\"\/><\/circle>\n\t\t  <circle fill=\"#000\" stroke=\"none\" cx=\"46\" cy=\"50\" r=\"6\"><animate attributeName=\"opacity\" dur=\"1s\" values=\"0;1;0\" repeatCount=\"indefinite\" begin=\"0.3\"\/><\/circle>\n\t\t<\/svg><\/div><\/li><\/ul><div class=\"wpzoom-blocks wpzoom-blocks_portfolio-block_show-more-view-all-wrap single-button\">\n\t\t\t<div class=\"wpzoom-blocks wpzoom-blocks_portfolio-block_show-more\">\n\t\t\t<a href=\"#\" title=\"Show more portfolio items\" class=\"wpz-portfolio-button__link\">Load More&#8230;<\/a>\n\t\t<\/div>\n\t\t\t\n\t\t<\/div><\/div><!--.wpzoom-blocks wpzoom-blocks_portfolio-block--><style>.wpzoom-blocks_portfolio-block.wpzoom-portfolio-block-69e63b8cce901 {}.wpzoom-blocks_portfolio-block.wpzoom-portfolio-block-69e63b8cce901 { color:#000}.wpzoom-blocks_portfolio-block.wpzoom-portfolio-block-69e63b8cce901 .wpzoom-blocks_portfolio-block_filter ul li a,\n\t\t\t.wpzoom-blocks_portfolio-block.wpzoom-portfolio-block-69e63b8cce901.layout-list .wpzoom-blocks_portfolio-block_items-list .wpzoom-blocks_portfolio-block_item .wpzoom-blocks_portfolio-block_item-title a {\n\t\t\t\tcolor:#000;\n\t\t\t}.wpzoom-blocks_portfolio-block.wpzoom-portfolio-block-69e63b8cce901 .wpzoom-blocks_portfolio-block_filter ul li a:hover,\n\t\t\t\t.wpzoom-blocks_portfolio-block.wpzoom-portfolio-block-69e63b8cce901 .wpzoom-blocks_portfolio-block_filter ul li.current-cat a:hover,\n\t\t\t\t.wpzoom-blocks_portfolio-.wpzoom-portfolio-block-69e63b8cce901.layout-list .wpzoom-blocks_portfolio-block_items-list .wpzoom-blocks_portfolio-block_item .wpzoom-blocks_portfolio-block_item-title a:hover {\n\t\t\t\t\tcolor:#0BB4AA;\n\t\t\t\t}.wpzoom-blocks_portfolio-block.wpzoom-portfolio-block-69e63b8cce901 .wpzoom-blocks_portfolio-block_filter ul li.current-cat a { color:#0BB4AA; }.wpzoom-blocks_portfolio-block.wpzoom-portfolio-block-69e63b8cce901 .wpzoom-blocks_portfolio-block_filter ul li a {font-weight: 400 !important;letter-spacing: 1px;}.wpzoom-blocks_portfolio-block.wpzoom-portfolio-block-69e63b8cce901 .wpzoom-blocks_portfolio-block_item-details .wpzoom-blocks_portfolio-block_item-title a {line-height: 1.2;font-weight: 500 !important;letter-spacing: 1px;}.wpzoom-blocks_portfolio-block.wpzoom-portfolio-block-69e63b8cce901 .wpz-portfolio-button__link {letter-spacing: 1px;border-style:solid;border-width:0px;}<\/style>\n\n\n<div style=\"height:45px\" aria-hidden=\"true\" class=\"wp-block-spacer\"><\/div>\n<\/div>\n<\/main>\n\n\n\n<p><\/p>\n","protected":false},"excerpt":{"rendered":"<p>INPROLEC S.A. cuenta con un equipo de ingenieros altamente calificados en las areas Civil, El\u00e9ctrica, Control y Proteccion y de Telecumunicaciones<\/p>\n","protected":false},"author":1,"featured_media":0,"parent":0,"menu_order":0,"comment_status":"closed","ping_status":"closed","template":"page-templates\/no-title.php","meta":{"footnotes":""},"class_list":["post-717","page","type-page","status-publish","hentry"],"featured_media_urls":[],"_links":{"self":[{"href":"https:\/\/www.inprolec.cl\/index.php?rest_route=\/wp\/v2\/pages\/717","targetHints":{"allow":["GET"]}}],"collection":[{"href":"https:\/\/www.inprolec.cl\/index.php?rest_route=\/wp\/v2\/pages"}],"about":[{"href":"https:\/\/www.inprolec.cl\/index.php?rest_route=\/wp\/v2\/types\/page"}],"author":[{"embeddable":true,"href":"https:\/\/www.inprolec.cl\/index.php?rest_route=\/wp\/v2\/users\/1"}],"replies":[{"embeddable":true,"href":"https:\/\/www.inprolec.cl\/index.php?rest_route=%2Fwp%2Fv2%2Fcomments&post=717"}],"version-history":[{"count":8,"href":"https:\/\/www.inprolec.cl\/index.php?rest_route=\/wp\/v2\/pages\/717\/revisions"}],"predecessor-version":[{"id":726,"href":"https:\/\/www.inprolec.cl\/index.php?rest_route=\/wp\/v2\/pages\/717\/revisions\/726"}],"wp:attachment":[{"href":"https:\/\/www.inprolec.cl\/index.php?rest_route=%2Fwp%2Fv2%2Fmedia&parent=717"}],"curies":[{"name":"wp","href":"https:\/\/api.w.org\/{rel}","templated":true}]}}