{"id":517,"date":"2025-10-22T11:31:32","date_gmt":"2025-10-22T14:31:32","guid":{"rendered":"http:\/\/web.inprolec.cl\/?page_id=517"},"modified":"2025-11-04T23:04:43","modified_gmt":"2025-11-05T02:04:43","slug":"c002_01","status":"publish","type":"page","link":"https:\/\/www.inprolec.cl\/?page_id=517","title":{"rendered":"C002_01"},"content":{"rendered":"\n<div style=\"background-image:url(&apos;http:\/\/web.inprolec.cl\/wp-content\/uploads\/2025\/10\/03-subestacion.jpg&apos;);background-size:cover;background-attachment:fixed;\" class=\"wp-block-group alignfull has-global-padding is-layout-constrained wp-block-group-is-layout-constrained has-background\">\n<h2 class=\"wp-block-heading has-secondary-background-color has-background\" style=\"border-top-right-radius:20px;margin-top:0px;margin-right:0;margin-bottom:0px;margin-left:0;padding-top:10px;padding-right:var(--wp--preset--spacing--x-small);padding-bottom:10px;padding-left:var(--wp--preset--spacing--x-small)\">Sistema Integrado de Gesti\u00f3n<\/h2>\n\n\n\n<div class=\"wp-block-group has-background-background-color has-background has-global-padding is-content-justification-center is-layout-constrained wp-container-core-group-is-layout-5fa07d14 wp-block-group-is-layout-constrained\" style=\"margin-top:0;margin-bottom:0;padding-top:0;padding-right:0;padding-bottom:0;padding-left:0\">\n<div class=\"wp-block-group has-global-padding is-layout-constrained wp-container-core-group-is-layout-c312d2cd wp-block-group-is-layout-constrained\" style=\"padding-right:var(--wp--preset--spacing--x-small);padding-left:var(--wp--preset--spacing--x-small)\">\n<p>INPROLEC S.A est\u00e1 comprometida a proveer servicios con los m\u00e1s altos est\u00e1ndares de Seguridad, Calidad y cuidado del Medio Ambiente.<\/p>\n\n\n\n<p>Tenemos implementado un Sistema Integrado de Gesti\u00f3n con las certificaciones:<\/p>\n\n\n\n<ul class=\"wp-block-list\">\n<li>ISO&nbsp; 9001:2015 Sistemas de Gesti\u00f3n de la Calidad<\/li>\n\n\n\n<li>ISO 14001:2015 Sistemas de Gesti\u00f3n Ambiental<\/li>\n\n\n\n<li>ISO 45001:2018 Sistemas de Gesti\u00f3n de la Seguridad y Salud Ocupacional<\/li>\n<\/ul>\n<\/div>\n\n\n\n<figure class=\"wp-block-gallery has-nested-images columns-default is-cropped wp-block-gallery-1 is-layout-flex wp-block-gallery-is-layout-flex\" style=\"padding-top:0%;padding-right:5%;padding-bottom:0%;padding-left:5%\">\n<figure class=\"wp-block-image size-large has-custom-border is-style-rounded\"><img fetchpriority=\"high\" decoding=\"async\" width=\"791\" height=\"1024\" data-id=\"571\" src=\"http:\/\/web.inprolec.cl\/wp-content\/uploads\/2025\/10\/Politica-Inprolec-2024-Rev.6-1-791x1024.png\" alt=\"\" class=\"has-border-color has-foreground-border-color wp-image-571\" style=\"border-width:5px;border-radius:10px;box-shadow:var(--wp--preset--shadow--natural)\" srcset=\"https:\/\/www.inprolec.cl\/wp-content\/uploads\/2025\/10\/Politica-Inprolec-2024-Rev.6-1-791x1024.png 791w, https:\/\/www.inprolec.cl\/wp-content\/uploads\/2025\/10\/Politica-Inprolec-2024-Rev.6-1-232x300.png 232w, https:\/\/www.inprolec.cl\/wp-content\/uploads\/2025\/10\/Politica-Inprolec-2024-Rev.6-1.png 1700w\" sizes=\"(max-width: 791px) 100vw, 791px\" \/><\/figure>\n<\/figure>\n\n\n\n<div class=\"wp-block-columns is-layout-flex wp-container-core-columns-is-layout-28f84493 wp-block-columns-is-layout-flex\">\n<div class=\"wp-block-column is-layout-flow wp-block-column-is-layout-flow\"><\/div>\n\n\n\n<div class=\"wp-block-column is-layout-flow wp-block-column-is-layout-flow\"><\/div>\n\n\n\n<div class=\"wp-block-column is-layout-flow wp-block-column-is-layout-flow\"><\/div>\n<\/div>\n<\/div>\n\n\n\n<p><\/p>\n<\/div>\n","protected":false},"excerpt":{"rendered":"<p>Sistema Integrado de Gesti\u00f3n INPROLEC S.A est\u00e1 comprometida a proveer servicios con los m\u00e1s altos est\u00e1ndares de Seguridad, Calidad y cuidado del Medio Ambiente. Tenemos implementado un Sistema Integrado de Gesti\u00f3n con las certificaciones:<\/p>\n","protected":false},"author":1,"featured_media":0,"parent":0,"menu_order":0,"comment_status":"closed","ping_status":"closed","template":"page-templates\/no-title.php","meta":{"footnotes":""},"class_list":["post-517","page","type-page","status-publish","hentry"],"featured_media_urls":[],"_links":{"self":[{"href":"https:\/\/www.inprolec.cl\/index.php?rest_route=\/wp\/v2\/pages\/517","targetHints":{"allow":["GET"]}}],"collection":[{"href":"https:\/\/www.inprolec.cl\/index.php?rest_route=\/wp\/v2\/pages"}],"about":[{"href":"https:\/\/www.inprolec.cl\/index.php?rest_route=\/wp\/v2\/types\/page"}],"author":[{"embeddable":true,"href":"https:\/\/www.inprolec.cl\/index.php?rest_route=\/wp\/v2\/users\/1"}],"replies":[{"embeddable":true,"href":"https:\/\/www.inprolec.cl\/index.php?rest_route=%2Fwp%2Fv2%2Fcomments&post=517"}],"version-history":[{"count":66,"href":"https:\/\/www.inprolec.cl\/index.php?rest_route=\/wp\/v2\/pages\/517\/revisions"}],"predecessor-version":[{"id":597,"href":"https:\/\/www.inprolec.cl\/index.php?rest_route=\/wp\/v2\/pages\/517\/revisions\/597"}],"wp:attachment":[{"href":"https:\/\/www.inprolec.cl\/index.php?rest_route=%2Fwp%2Fv2%2Fmedia&parent=517"}],"curies":[{"name":"wp","href":"https:\/\/api.w.org\/{rel}","templated":true}]}}